{"id":2398,"date":"2025-09-20T20:17:13","date_gmt":"2025-09-20T20:17:13","guid":{"rendered":"https:\/\/slotenmakerspoedservice.be\/tarifs\/"},"modified":"2025-10-01T21:16:51","modified_gmt":"2025-10-01T21:16:51","slug":"tarifs","status":"publish","type":"page","link":"https:\/\/slotenmakerspoedservice.be\/fr\/tarifs\/","title":{"rendered":"Tarifs"},"content":{"rendered":"\t\t<div data-elementor-type=\"wp-page\" data-elementor-id=\"2398\" class=\"elementor elementor-2398 elementor-403\" data-elementor-post-type=\"page\">\n\t\t\t\t<div class=\"elementor-element elementor-element-74e43f5 e-flex e-con-boxed e-con e-parent\" data-id=\"74e43f5\" data-element_type=\"container\" data-e-type=\"container\" data-settings=\"{&quot;background_background&quot;:&quot;slideshow&quot;,&quot;background_slideshow_gallery&quot;:[{&quot;id&quot;:2320,&quot;url&quot;:&quot;https:\\\/\\\/slotenmakerspoedservice.be\\\/wp-content\\\/uploads\\\/2025\\\/09\\\/Gemini_Generated_Image_adaaspadaaspadaa-2-1.png&quot;}],&quot;background_slideshow_loop&quot;:&quot;yes&quot;,&quot;background_slideshow_slide_duration&quot;:5000,&quot;background_slideshow_slide_transition&quot;:&quot;fade&quot;,&quot;background_slideshow_transition_duration&quot;:500}\">\n\t\t\t\t\t<div class=\"e-con-inner\">\n\t\t\t\t<div class=\"elementor-element elementor-element-89cd673 elementor-widget elementor-widget-heading\" data-id=\"89cd673\" data-element_type=\"widget\" data-e-type=\"widget\" data-widget_type=\"heading.default\">\n\t\t\t\t\t<h2 class=\"elementor-heading-title elementor-size-default\">TARIFS<\/h2>\t\t\t\t<\/div>\n\t\t\t\t\t<\/div>\n\t\t\t\t<\/div>\n\t\t<div class=\"elementor-element elementor-element-b727c1d e-flex e-con-boxed e-con e-parent\" data-id=\"b727c1d\" data-element_type=\"container\" data-e-type=\"container\">\n\t\t\t\t\t<div class=\"e-con-inner\">\n\t\t<div class=\"elementor-element elementor-element-9aa0646 e-con-full e-flex e-con e-child\" data-id=\"9aa0646\" data-element_type=\"container\" data-e-type=\"container\">\n\t\t\t\t<div class=\"elementor-element elementor-element-fb18026 elementor-widget elementor-widget-heading\" data-id=\"fb18026\" data-element_type=\"widget\" data-e-type=\"widget\" data-widget_type=\"heading.default\">\n\t\t\t\t\t<h2 class=\"elementor-heading-title elementor-size-default\">Chez <b>Serrurier Emergency Service<\/b> , vous savez \u00e0 l\u2019avance o\u00f9 vous en \u00eates.<\/h2>\t\t\t\t<\/div>\n\t\t\t\t<\/div>\n\t\t\t\t\t<\/div>\n\t\t\t\t<\/div>\n\t\t<div class=\"elementor-element elementor-element-11db19d e-flex e-con-boxed e-con e-parent\" data-id=\"11db19d\" data-element_type=\"container\" data-e-type=\"container\">\n\t\t\t\t\t<div class=\"e-con-inner\">\n\t\t\t\t<div class=\"elementor-element elementor-element-72ddac4 elementor-widget elementor-widget-text-editor\" data-id=\"72ddac4\" data-element_type=\"widget\" data-e-type=\"widget\" data-widget_type=\"text-editor.default\">\n\t\t\t\t\t\t\t\t\t<p class=\"p1\">Vous \u00eates en lock-out, vous souhaitez faire remplacer vos serrures ou vous souhaitez rendre votre maison plus s\u00fbre ? Chez Serrurier Emergency Service, nous facturons toujours des <g id=\"gid_0\">tarifs justes et transparents.<\/g> De cette fa\u00e7on, vous ne serez jamais confront\u00e9 \u00e0 de mauvaises surprises. Tous nos prix comprennent des explications claires et une installation professionnelle par des serruriers agr\u00e9\u00e9s.  <\/p>\t\t\t\t\t\t\t\t<\/div>\n\t\t\t\t\t<\/div>\n\t\t\t\t<\/div>\n\t\t<div class=\"elementor-element elementor-element-d09617f e-flex e-con-boxed e-con e-parent\" data-id=\"d09617f\" data-element_type=\"container\" data-e-type=\"container\">\n\t\t\t\t\t<div class=\"e-con-inner\">\n\t\t\t\t<div class=\"elementor-element elementor-element-6c94128 elementor-widget elementor-widget-heading\" data-id=\"6c94128\" data-element_type=\"widget\" data-e-type=\"widget\" data-widget_type=\"heading.default\">\n\t\t\t\t\t<h2 class=\"elementor-heading-title elementor-size-default\">Tarifs<\/h2>\t\t\t\t<\/div>\n\t\t\t\t\t<\/div>\n\t\t\t\t<\/div>\n\t\t<div class=\"elementor-element elementor-element-59f3314 e-flex e-con-boxed e-con e-parent\" data-id=\"59f3314\" data-element_type=\"container\" data-e-type=\"container\">\n\t\t\t\t\t<div class=\"e-con-inner\">\n\t\t<div class=\"elementor-element elementor-element-9889fb5 e-con-full e-flex e-con e-child\" data-id=\"9889fb5\" data-element_type=\"container\" data-e-type=\"container\">\n\t\t\t\t<div class=\"elementor-element elementor-element-206719f elementor-widget elementor-widget-text-editor\" data-id=\"206719f\" data-element_type=\"widget\" data-e-type=\"widget\" data-widget_type=\"text-editor.default\">\n\t\t\t\t\t\t\t\t\t<table class=\"prijslijst\" style=\"width: 100%; border-collapse: collapse;\" cellspacing=\"0\" cellpadding=\"10\"><tbody><tr class=\"prijslijst-header\"><th width=\"75%\">Ouverture des portes<\/th><th width=\"25%\">Taux<\/th><\/tr><tr><td>Porte ouverte ferm\u00e9e [sans dommage]<\/td><td align=\"right\">\u00e0 partir de \u20ac 75,00<\/td><\/tr><tr><td>Porte ouverte ferm\u00e9e (soir\/week-end) [sans dommage]<\/td><td align=\"right\">\u00e0 partir de \u20ac 119,00<\/td><\/tr><tr class=\"prijslijst-header\"><th width=\"75%\">Autres services<\/th><th width=\"25%\">Tarif<\/th><\/tr><tr><td>Serrure \u00e0 goupille ouverte<\/td><td align=\"right\">\u00e0 partir de 99,00 \u20ac<\/td><\/tr><tr><td>Remplacement de la serrure \u00e0 goupille avec installation<\/td><td align=\"right\">\u00e0 partir de 85,00 \u20ac<\/td><\/tr><tr><td>Installation de serrure \u00e0 goupille avec installation<\/td><td align=\"right\">\u00e0 partir de 125,00 \u20ac<\/td><\/tr><tr><td>Remplacement de la serrure de jante Yale avec installation<\/td><td align=\"right\">\u00e0 partir de 150,00 \u20ac<\/td><\/tr><tr><td>Remplacement de la serrure de jante \u00e0 l\u00e8vres avec installation<\/td><td align=\"right\">\u00e0 partir de 225,00 \u20ac<\/td><\/tr><tr><td>Remplacement du cylindre avec montage<\/td><td align=\"right\">\u00e0 partir de 75,00 \u20ac<\/td><\/tr><tr><td>Porte ouverte verrouill\u00e9e<\/td><td align=\"right\">\u00e0 partir de 99,00 \u20ac<\/td><\/tr><\/tbody><\/table>\t\t\t\t\t\t\t\t<\/div>\n\t\t\t\t<\/div>\n\t\t<div class=\"elementor-element elementor-element-aa439aa e-con-full e-flex e-con e-child\" data-id=\"aa439aa\" data-element_type=\"container\" data-e-type=\"container\" data-settings=\"{&quot;background_background&quot;:&quot;slideshow&quot;,&quot;background_slideshow_gallery&quot;:[{&quot;id&quot;:2202,&quot;url&quot;:&quot;https:\\\/\\\/slotenmakerspoedservice.be\\\/wp-content\\\/uploads\\\/2025\\\/09\\\/buitengesloten-slotenmaker-rotterdam.jpg&quot;}],&quot;background_slideshow_loop&quot;:&quot;yes&quot;,&quot;background_slideshow_slide_duration&quot;:5000,&quot;background_slideshow_slide_transition&quot;:&quot;fade&quot;,&quot;background_slideshow_transition_duration&quot;:500}\">\n\t\t\t\t<\/div>\n\t\t\t\t\t<\/div>\n\t\t\t\t<\/div>\n\t\t<div class=\"elementor-element elementor-element-6a724ba e-flex e-con-boxed e-con e-parent\" data-id=\"6a724ba\" data-element_type=\"container\" data-e-type=\"container\">\n\t\t\t\t\t<div class=\"e-con-inner\">\n\t\t\t\t<div class=\"elementor-element elementor-element-c163480 elementor-widget elementor-widget-heading\" data-id=\"c163480\" data-element_type=\"widget\" data-e-type=\"widget\" data-widget_type=\"heading.default\">\n\t\t\t\t\t<h2 class=\"elementor-heading-title elementor-size-default\">Foire <strong>aux questions<\/strong><\/h2>\t\t\t\t<\/div>\n\t\t\t\t\t<\/div>\n\t\t\t\t<\/div>\n\t\t<div class=\"elementor-element elementor-element-852a9e1 e-flex e-con-boxed e-con e-parent\" data-id=\"852a9e1\" data-element_type=\"container\" data-e-type=\"container\">\n\t\t\t\t\t<div class=\"e-con-inner\">\n\t\t\t\t<div class=\"elementor-element elementor-element-3379610 elementor-widget elementor-widget-n-accordion\" data-id=\"3379610\" data-element_type=\"widget\" data-e-type=\"widget\" data-settings=\"{&quot;default_state&quot;:&quot;expanded&quot;,&quot;max_items_expended&quot;:&quot;one&quot;,&quot;n_accordion_animation_duration&quot;:{&quot;unit&quot;:&quot;ms&quot;,&quot;size&quot;:400,&quot;sizes&quot;:[]}}\" data-widget_type=\"nested-accordion.default\">\n\t\t\t\t\t\t\t<div class=\"e-n-accordion\" aria-label=\"Accordion. Open links with Enter or Space, close with Escape, and navigate with Arrow Keys\">\n\t\t\t\t\t\t<details id=\"e-n-accordion-item-5390\" class=\"e-n-accordion-item\" open>\n\t\t\t\t<summary class=\"e-n-accordion-item-title\" data-accordion-index=\"1\" tabindex=\"0\" aria-expanded=\"true\" aria-controls=\"e-n-accordion-item-5390\" >\n\t\t\t\t\t<span class='e-n-accordion-item-title-header'><div class=\"e-n-accordion-item-title-text\"> Puis-je conclure un accord de prix \u00e0 l\u2019avance ? <\/div><\/span>\n\t\t\t\t\t\t\t<span class='e-n-accordion-item-title-icon'>\n\t\t\t<span class='e-opened' ><svg aria-hidden=\"true\" class=\"e-font-icon-svg e-fas-minus\" viewBox=\"0 0 448 512\" xmlns=\"http:\/\/www.w3.org\/2000\/svg\"><path d=\"M416 208H32c-17.67 0-32 14.33-32 32v32c0 17.67 14.33 32 32 32h384c17.67 0 32-14.33 32-32v-32c0-17.67-14.33-32-32-32z\"><\/path><\/svg><\/span>\n\t\t\t<span class='e-closed'><svg aria-hidden=\"true\" class=\"e-font-icon-svg e-fas-play-circle\" viewBox=\"0 0 512 512\" xmlns=\"http:\/\/www.w3.org\/2000\/svg\"><path d=\"M256 8C119 8 8 119 8 256s111 248 248 248 248-111 248-248S393 8 256 8zm115.7 272l-176 101c-15.8 8.8-35.7-2.5-35.7-21V152c0-18.4 19.8-29.8 35.7-21l176 107c16.4 9.2 16.4 32.9 0 42z\"><\/path><\/svg><\/span>\n\t\t<\/span>\n\n\t\t\t\t\t\t<\/summary>\n\t\t\t\t<div role=\"region\" aria-labelledby=\"e-n-accordion-item-5390\" class=\"elementor-element elementor-element-198bf43 e-con-full e-flex e-con e-child\" data-id=\"198bf43\" data-element_type=\"container\" data-e-type=\"container\">\n\t\t<div role=\"region\" aria-labelledby=\"e-n-accordion-item-5390\" class=\"elementor-element elementor-element-5ec8181 e-flex e-con-boxed e-con e-child\" data-id=\"5ec8181\" data-element_type=\"container\" data-e-type=\"container\">\n\t\t\t\t\t<div class=\"e-con-inner\">\n\t\t\t\t<div class=\"elementor-element elementor-element-288ca62 elementor-widget elementor-widget-text-editor\" data-id=\"288ca62\" data-element_type=\"widget\" data-e-type=\"widget\" data-widget_type=\"text-editor.default\">\n\t\t\t\t\t\t\t\t\t<p>Absolument. Nous vous donnons toujours une indication de prix claire \u00e0 l\u2019avance en fonction de votre situation. De cette fa\u00e7on, vous savez exactement o\u00f9 vous en \u00eates.  <\/p>\t\t\t\t\t\t\t\t<\/div>\n\t\t\t\t\t<\/div>\n\t\t\t\t<\/div>\n\t\t\t\t<\/div>\n\t\t\t\t\t<\/details>\n\t\t\t\t\t\t<details id=\"e-n-accordion-item-5391\" class=\"e-n-accordion-item\" >\n\t\t\t\t<summary class=\"e-n-accordion-item-title\" data-accordion-index=\"2\" tabindex=\"-1\" aria-expanded=\"false\" aria-controls=\"e-n-accordion-item-5391\" >\n\t\t\t\t\t<span class='e-n-accordion-item-title-header'><div class=\"e-n-accordion-item-title-text\"> Quand dois-je payer les frais d\u2019annulation ? <\/div><\/span>\n\t\t\t\t\t\t\t<span class='e-n-accordion-item-title-icon'>\n\t\t\t<span class='e-opened' ><svg aria-hidden=\"true\" class=\"e-font-icon-svg e-fas-minus\" viewBox=\"0 0 448 512\" xmlns=\"http:\/\/www.w3.org\/2000\/svg\"><path d=\"M416 208H32c-17.67 0-32 14.33-32 32v32c0 17.67 14.33 32 32 32h384c17.67 0 32-14.33 32-32v-32c0-17.67-14.33-32-32-32z\"><\/path><\/svg><\/span>\n\t\t\t<span class='e-closed'><svg aria-hidden=\"true\" class=\"e-font-icon-svg e-fas-play-circle\" viewBox=\"0 0 512 512\" xmlns=\"http:\/\/www.w3.org\/2000\/svg\"><path d=\"M256 8C119 8 8 119 8 256s111 248 248 248 248-111 248-248S393 8 256 8zm115.7 272l-176 101c-15.8 8.8-35.7-2.5-35.7-21V152c0-18.4 19.8-29.8 35.7-21l176 107c16.4 9.2 16.4 32.9 0 42z\"><\/path><\/svg><\/span>\n\t\t<\/span>\n\n\t\t\t\t\t\t<\/summary>\n\t\t\t\t<div role=\"region\" aria-labelledby=\"e-n-accordion-item-5391\" class=\"elementor-element elementor-element-d909e30 e-con-full e-flex e-con e-child\" data-id=\"d909e30\" data-element_type=\"container\" data-e-type=\"container\">\n\t\t\t\t<div class=\"elementor-element elementor-element-e522549 elementor-widget elementor-widget-text-editor\" data-id=\"e522549\" data-element_type=\"widget\" data-e-type=\"widget\" data-widget_type=\"text-editor.default\">\n\t\t\t\t\t\t\t\t\t<p class=\"p1\">Uniquement en cas d\u2019annulation dans les 10 minutes avant l\u2019arriv\u00e9e, ou lorsque le technicien est d\u00e9j\u00e0 en route sans pr\u00e9avis<\/p>\t\t\t\t\t\t\t\t<\/div>\n\t\t\t\t<\/div>\n\t\t\t\t\t<\/details>\n\t\t\t\t\t\t<details id=\"e-n-accordion-item-5392\" class=\"e-n-accordion-item\" >\n\t\t\t\t<summary class=\"e-n-accordion-item-title\" data-accordion-index=\"3\" tabindex=\"-1\" aria-expanded=\"false\" aria-controls=\"e-n-accordion-item-5392\" >\n\t\t\t\t\t<span class='e-n-accordion-item-title-header'><div class=\"e-n-accordion-item-title-text\"> Pourquoi y a-t-il une surcharge pour urgence ? <\/div><\/span>\n\t\t\t\t\t\t\t<span class='e-n-accordion-item-title-icon'>\n\t\t\t<span class='e-opened' ><svg aria-hidden=\"true\" class=\"e-font-icon-svg e-fas-minus\" viewBox=\"0 0 448 512\" xmlns=\"http:\/\/www.w3.org\/2000\/svg\"><path d=\"M416 208H32c-17.67 0-32 14.33-32 32v32c0 17.67 14.33 32 32 32h384c17.67 0 32-14.33 32-32v-32c0-17.67-14.33-32-32-32z\"><\/path><\/svg><\/span>\n\t\t\t<span class='e-closed'><svg aria-hidden=\"true\" class=\"e-font-icon-svg e-fas-play-circle\" viewBox=\"0 0 512 512\" xmlns=\"http:\/\/www.w3.org\/2000\/svg\"><path d=\"M256 8C119 8 8 119 8 256s111 248 248 248 248-111 248-248S393 8 256 8zm115.7 272l-176 101c-15.8 8.8-35.7-2.5-35.7-21V152c0-18.4 19.8-29.8 35.7-21l176 107c16.4 9.2 16.4 32.9 0 42z\"><\/path><\/svg><\/span>\n\t\t<\/span>\n\n\t\t\t\t\t\t<\/summary>\n\t\t\t\t<div role=\"region\" aria-labelledby=\"e-n-accordion-item-5392\" class=\"elementor-element elementor-element-460dd90 e-con-full e-flex e-con e-child\" data-id=\"460dd90\" data-element_type=\"container\" data-e-type=\"container\">\n\t\t\t\t<div class=\"elementor-element elementor-element-fb06c10 elementor-widget elementor-widget-text-editor\" data-id=\"fb06c10\" data-element_type=\"widget\" data-e-type=\"widget\" data-widget_type=\"text-editor.default\">\n\t\t\t\t\t\t\t\t\t<p class=\"p1\">Pour les travaux urgents, nous devons ajuster notre horaire imm\u00e9diatement et d\u00e9ployer du personnel suppl\u00e9mentaire. Ce suppl\u00e9ment garantit que nous restons disponibles 24h\/24 et 7j\/7. <\/p>\t\t\t\t\t\t\t\t<\/div>\n\t\t\t\t<\/div>\n\t\t\t\t\t<\/details>\n\t\t\t\t\t<\/div>\n\t\t\t\t\t\t<\/div>\n\t\t\t\t\t<\/div>\n\t\t\t\t<\/div>\n\t\t\t\t<\/div>\n\t\t","protected":false},"excerpt":{"rendered":"<p>TARIFS Chez Serrurier Emergency Service , vous savez \u00e0 l\u2019avance o\u00f9 vous en \u00eates. Vous \u00eates en lock-out, vous souhaitez faire remplacer vos serrures ou vous souhaitez rendre votre maison plus s\u00fbre ? Chez Serrurier Emergency Service, nous facturons toujours des tarifs justes et transparents. De cette fa\u00e7on, vous ne serez jamais confront\u00e9 \u00e0 de [&hellip;]<\/p>\n","protected":false},"author":1,"featured_media":0,"parent":0,"menu_order":0,"comment_status":"closed","ping_status":"closed","template":"elementor_header_footer","meta":{"footnotes":""},"class_list":["post-2398","page","type-page","status-publish","hentry"],"_links":{"self":[{"href":"https:\/\/slotenmakerspoedservice.be\/fr\/wp-json\/wp\/v2\/pages\/2398","targetHints":{"allow":["GET"]}}],"collection":[{"href":"https:\/\/slotenmakerspoedservice.be\/fr\/wp-json\/wp\/v2\/pages"}],"about":[{"href":"https:\/\/slotenmakerspoedservice.be\/fr\/wp-json\/wp\/v2\/types\/page"}],"author":[{"embeddable":true,"href":"https:\/\/slotenmakerspoedservice.be\/fr\/wp-json\/wp\/v2\/users\/1"}],"replies":[{"embeddable":true,"href":"https:\/\/slotenmakerspoedservice.be\/fr\/wp-json\/wp\/v2\/comments?post=2398"}],"version-history":[{"count":2,"href":"https:\/\/slotenmakerspoedservice.be\/fr\/wp-json\/wp\/v2\/pages\/2398\/revisions"}],"predecessor-version":[{"id":2400,"href":"https:\/\/slotenmakerspoedservice.be\/fr\/wp-json\/wp\/v2\/pages\/2398\/revisions\/2400"}],"wp:attachment":[{"href":"https:\/\/slotenmakerspoedservice.be\/fr\/wp-json\/wp\/v2\/media?parent=2398"}],"curies":[{"name":"wp","href":"https:\/\/api.w.org\/{rel}","templated":true}]}}