{"id":2993,"date":"2025-09-20T20:17:13","date_gmt":"2025-09-20T20:17:13","guid":{"rendered":"https:\/\/slotenmakerspoedservice.be\/stawki\/"},"modified":"2025-10-02T08:24:33","modified_gmt":"2025-10-02T08:24:33","slug":"stawki","status":"publish","type":"page","link":"https:\/\/slotenmakerspoedservice.be\/pl\/stawki\/","title":{"rendered":"Stawki"},"content":{"rendered":"\t\t<div data-elementor-type=\"wp-page\" data-elementor-id=\"2993\" class=\"elementor elementor-2993 elementor-403\" data-elementor-post-type=\"page\">\n\t\t\t\t<div class=\"elementor-element elementor-element-74e43f5 e-flex e-con-boxed e-con e-parent\" data-id=\"74e43f5\" data-element_type=\"container\" data-e-type=\"container\" data-settings=\"{&quot;background_background&quot;:&quot;slideshow&quot;,&quot;background_slideshow_gallery&quot;:[{&quot;id&quot;:2743,&quot;url&quot;:&quot;https:\\\/\\\/slotenmakerspoedservice.be\\\/wp-content\\\/uploads\\\/2025\\\/09\\\/Gemini_Generated_Image_adaaspadaaspadaa-2-1.png&quot;}],&quot;background_slideshow_loop&quot;:&quot;yes&quot;,&quot;background_slideshow_slide_duration&quot;:5000,&quot;background_slideshow_slide_transition&quot;:&quot;fade&quot;,&quot;background_slideshow_transition_duration&quot;:500}\">\n\t\t\t\t\t<div class=\"e-con-inner\">\n\t\t\t\t<div class=\"elementor-element elementor-element-89cd673 elementor-widget elementor-widget-heading\" data-id=\"89cd673\" data-element_type=\"widget\" data-e-type=\"widget\" data-widget_type=\"heading.default\">\n\t\t\t\t\t<h2 class=\"elementor-heading-title elementor-size-default\">STAWKI<\/h2>\t\t\t\t<\/div>\n\t\t\t\t\t<\/div>\n\t\t\t\t<\/div>\n\t\t<div class=\"elementor-element elementor-element-b727c1d e-flex e-con-boxed e-con e-parent\" data-id=\"b727c1d\" data-element_type=\"container\" data-e-type=\"container\">\n\t\t\t\t\t<div class=\"e-con-inner\">\n\t\t<div class=\"elementor-element elementor-element-9aa0646 e-con-full e-flex e-con e-child\" data-id=\"9aa0646\" data-element_type=\"container\" data-e-type=\"container\">\n\t\t\t\t<div class=\"elementor-element elementor-element-fb18026 elementor-widget elementor-widget-heading\" data-id=\"fb18026\" data-element_type=\"widget\" data-e-type=\"widget\" data-widget_type=\"heading.default\">\n\t\t\t\t\t<h2 class=\"elementor-heading-title elementor-size-default\">W <b>Pogotowiu \u015alusarskim<\/b> z g\u00f3ry wiesz, na czym stoisz.<\/h2>\t\t\t\t<\/div>\n\t\t\t\t<\/div>\n\t\t\t\t\t<\/div>\n\t\t\t\t<\/div>\n\t\t<div class=\"elementor-element elementor-element-11db19d e-flex e-con-boxed e-con e-parent\" data-id=\"11db19d\" data-element_type=\"container\" data-e-type=\"container\">\n\t\t\t\t\t<div class=\"e-con-inner\">\n\t\t\t\t<div class=\"elementor-element elementor-element-72ddac4 elementor-widget elementor-widget-text-editor\" data-id=\"72ddac4\" data-element_type=\"widget\" data-e-type=\"widget\" data-widget_type=\"text-editor.default\">\n\t\t\t\t\t\t\t\t\t<p class=\"p1\">Czy jeste\u015b zablokowany, czy chcesz wymieni\u0107 zamki, czy chcesz, aby Tw\u00f3j dom by\u0142 bardziej bezpieczny? W Pogotowiu \u015alusarskim zawsze pobieramy <g id=\"gid_0\">uczciwe i przejrzyste stawki.<\/g> W ten spos\u00f3b nigdy nie spotkaj\u0105 Ci\u0119 niemi\u0142e niespodzianki. Wszystkie nasze ceny zawieraj\u0105 jasne wyja\u015bnienia i profesjonalny monta\u017c przez autoryzowanych \u015blusarzy.  <\/p>\t\t\t\t\t\t\t\t<\/div>\n\t\t\t\t\t<\/div>\n\t\t\t\t<\/div>\n\t\t<div class=\"elementor-element elementor-element-d09617f e-flex e-con-boxed e-con e-parent\" data-id=\"d09617f\" data-element_type=\"container\" data-e-type=\"container\">\n\t\t\t\t\t<div class=\"e-con-inner\">\n\t\t\t\t<div class=\"elementor-element elementor-element-6c94128 elementor-widget elementor-widget-heading\" data-id=\"6c94128\" data-element_type=\"widget\" data-e-type=\"widget\" data-widget_type=\"heading.default\">\n\t\t\t\t\t<h2 class=\"elementor-heading-title elementor-size-default\">Stawki<\/h2>\t\t\t\t<\/div>\n\t\t\t\t\t<\/div>\n\t\t\t\t<\/div>\n\t\t<div class=\"elementor-element elementor-element-59f3314 e-flex e-con-boxed e-con e-parent\" data-id=\"59f3314\" data-element_type=\"container\" data-e-type=\"container\">\n\t\t\t\t\t<div class=\"e-con-inner\">\n\t\t<div class=\"elementor-element elementor-element-9889fb5 e-con-full e-flex e-con e-child\" data-id=\"9889fb5\" data-element_type=\"container\" data-e-type=\"container\">\n\t\t\t\t<div class=\"elementor-element elementor-element-206719f elementor-widget elementor-widget-text-editor\" data-id=\"206719f\" data-element_type=\"widget\" data-e-type=\"widget\" data-widget_type=\"text-editor.default\">\n\t\t\t\t\t\t\t\t\t<table class=\"prijslijst\" style=\"width: 100%; border-collapse: collapse;\" cellspacing=\"0\" cellpadding=\"10\"><tbody><tr class=\"prijslijst-header\"><th width=\"75%\">Szybko\u015b\u0107 otwierania drzwi<\/th><th width=\"25%\"><\/th><\/tr><tr><td>Otw\u00f3rz zamkni\u0119te drzwi [wolne od uszkodze\u0144]<\/td><td align=\"right\">od \u20ac 75,00<\/td><\/tr><tr><td>Otwarte zamkni\u0119te drzwi (wiecz\u00f3r\/weekend) [bez uszkodze\u0144]<\/td><td align=\"right\">od \u20ac 119,00<\/td><\/tr><tr class=\"prijslijst-header\"><th width=\"75%\">Inne us\u0142ugi<\/th><th width=\"25%\">Oce\u0144<\/th><\/tr><tr><td>Otw\u00f3rz zamek pinowy<\/td><td align=\"right\">od 99,00 \u20ac<\/td><\/tr><tr><td>Wymiana zamka sworzniowego wraz z monta\u017cem<\/td><td align=\"right\">od 85,00 \u20ac<\/td><\/tr><tr><td>Instalacja zamka sworzniowego wraz z monta\u017cem<\/td><td align=\"right\">od 125,00 \u20ac<\/td><\/tr><tr><td>Wymiana zamka obr\u0119czy Yale wraz z monta\u017cem<\/td><td align=\"right\">od 150,00 \u20ac<\/td><\/tr><tr><td>Wymiana zamka kraw\u0119dzi warg wraz z monta\u017cem<\/td><td align=\"right\">od 225,00 \u20ac<\/td><\/tr><tr><td>Wymiana cylindra wraz z monta\u017cem<\/td><td align=\"right\">od 75,00 \u20ac<\/td><\/tr><tr><td>Otwarte zamkni\u0119te drzwi<\/td><td align=\"right\">od \u20ac 99.00<\/td><\/tr><\/tbody><\/table>\t\t\t\t\t\t\t\t<\/div>\n\t\t\t\t<\/div>\n\t\t<div class=\"elementor-element elementor-element-aa439aa e-con-full e-flex e-con e-child\" data-id=\"aa439aa\" data-element_type=\"container\" data-e-type=\"container\" data-settings=\"{&quot;background_background&quot;:&quot;slideshow&quot;,&quot;background_slideshow_gallery&quot;:[{&quot;id&quot;:2756,&quot;url&quot;:&quot;https:\\\/\\\/slotenmakerspoedservice.be\\\/wp-content\\\/uploads\\\/2025\\\/09\\\/buitengesloten-slotenmaker-rotterdam.jpg&quot;}],&quot;background_slideshow_loop&quot;:&quot;yes&quot;,&quot;background_slideshow_slide_duration&quot;:5000,&quot;background_slideshow_slide_transition&quot;:&quot;fade&quot;,&quot;background_slideshow_transition_duration&quot;:500}\">\n\t\t\t\t<\/div>\n\t\t\t\t\t<\/div>\n\t\t\t\t<\/div>\n\t\t<div class=\"elementor-element elementor-element-6a724ba e-flex e-con-boxed e-con e-parent\" data-id=\"6a724ba\" data-element_type=\"container\" data-e-type=\"container\">\n\t\t\t\t\t<div class=\"e-con-inner\">\n\t\t\t\t<div class=\"elementor-element elementor-element-c163480 elementor-widget elementor-widget-heading\" data-id=\"c163480\" data-element_type=\"widget\" data-e-type=\"widget\" data-widget_type=\"heading.default\">\n\t\t\t\t\t<h2 class=\"elementor-heading-title elementor-size-default\">Cz\u0119sto zadawane <strong>pytania<\/strong><\/h2>\t\t\t\t<\/div>\n\t\t\t\t\t<\/div>\n\t\t\t\t<\/div>\n\t\t<div class=\"elementor-element elementor-element-852a9e1 e-flex e-con-boxed e-con e-parent\" data-id=\"852a9e1\" data-element_type=\"container\" data-e-type=\"container\">\n\t\t\t\t\t<div class=\"e-con-inner\">\n\t\t\t\t<div class=\"elementor-element elementor-element-3379610 elementor-widget elementor-widget-n-accordion\" data-id=\"3379610\" data-element_type=\"widget\" data-e-type=\"widget\" data-settings=\"{&quot;default_state&quot;:&quot;expanded&quot;,&quot;max_items_expended&quot;:&quot;one&quot;,&quot;n_accordion_animation_duration&quot;:{&quot;unit&quot;:&quot;ms&quot;,&quot;size&quot;:400,&quot;sizes&quot;:[]}}\" data-widget_type=\"nested-accordion.default\">\n\t\t\t\t\t\t\t<div class=\"e-n-accordion\" aria-label=\"Accordion. Open links with Enter or Space, close with Escape, and navigate with Arrow Keys\">\n\t\t\t\t\t\t<details id=\"e-n-accordion-item-5390\" class=\"e-n-accordion-item\" open>\n\t\t\t\t<summary class=\"e-n-accordion-item-title\" data-accordion-index=\"1\" tabindex=\"0\" aria-expanded=\"true\" aria-controls=\"e-n-accordion-item-5390\" >\n\t\t\t\t\t<span class='e-n-accordion-item-title-header'><div class=\"e-n-accordion-item-title-text\"> Czy mog\u0119 zawrze\u0107 umow\u0119 cenow\u0105 z wyprzedzeniem? <\/div><\/span>\n\t\t\t\t\t\t\t<span class='e-n-accordion-item-title-icon'>\n\t\t\t<span class='e-opened' ><svg aria-hidden=\"true\" class=\"e-font-icon-svg e-fas-minus\" viewBox=\"0 0 448 512\" xmlns=\"http:\/\/www.w3.org\/2000\/svg\"><path d=\"M416 208H32c-17.67 0-32 14.33-32 32v32c0 17.67 14.33 32 32 32h384c17.67 0 32-14.33 32-32v-32c0-17.67-14.33-32-32-32z\"><\/path><\/svg><\/span>\n\t\t\t<span class='e-closed'><svg aria-hidden=\"true\" class=\"e-font-icon-svg e-fas-play-circle\" viewBox=\"0 0 512 512\" xmlns=\"http:\/\/www.w3.org\/2000\/svg\"><path d=\"M256 8C119 8 8 119 8 256s111 248 248 248 248-111 248-248S393 8 256 8zm115.7 272l-176 101c-15.8 8.8-35.7-2.5-35.7-21V152c0-18.4 19.8-29.8 35.7-21l176 107c16.4 9.2 16.4 32.9 0 42z\"><\/path><\/svg><\/span>\n\t\t<\/span>\n\n\t\t\t\t\t\t<\/summary>\n\t\t\t\t<div role=\"region\" aria-labelledby=\"e-n-accordion-item-5390\" class=\"elementor-element elementor-element-198bf43 e-con-full e-flex e-con e-child\" data-id=\"198bf43\" data-element_type=\"container\" data-e-type=\"container\">\n\t\t<div role=\"region\" aria-labelledby=\"e-n-accordion-item-5390\" class=\"elementor-element elementor-element-5ec8181 e-flex e-con-boxed e-con e-child\" data-id=\"5ec8181\" data-element_type=\"container\" data-e-type=\"container\">\n\t\t\t\t\t<div class=\"e-con-inner\">\n\t\t\t\t<div class=\"elementor-element elementor-element-288ca62 elementor-widget elementor-widget-text-editor\" data-id=\"288ca62\" data-element_type=\"widget\" data-e-type=\"widget\" data-widget_type=\"text-editor.default\">\n\t\t\t\t\t\t\t\t\t<p>Absolutnie. Zawsze z g\u00f3ry podajemy jasne wskazanie ceny w zale\u017cno\u015bci od Twojej sytuacji. W ten spos\u00f3b wiesz dok\u0142adnie, na czym stoisz.  <\/p>\t\t\t\t\t\t\t\t<\/div>\n\t\t\t\t\t<\/div>\n\t\t\t\t<\/div>\n\t\t\t\t<\/div>\n\t\t\t\t\t<\/details>\n\t\t\t\t\t\t<details id=\"e-n-accordion-item-5391\" class=\"e-n-accordion-item\" >\n\t\t\t\t<summary class=\"e-n-accordion-item-title\" data-accordion-index=\"2\" tabindex=\"-1\" aria-expanded=\"false\" aria-controls=\"e-n-accordion-item-5391\" >\n\t\t\t\t\t<span class='e-n-accordion-item-title-header'><div class=\"e-n-accordion-item-title-text\"> Kiedy nale\u017cy ui\u015bci\u0107 op\u0142at\u0119 za anulowanie rezerwacji? <\/div><\/span>\n\t\t\t\t\t\t\t<span class='e-n-accordion-item-title-icon'>\n\t\t\t<span class='e-opened' ><svg aria-hidden=\"true\" class=\"e-font-icon-svg e-fas-minus\" viewBox=\"0 0 448 512\" xmlns=\"http:\/\/www.w3.org\/2000\/svg\"><path d=\"M416 208H32c-17.67 0-32 14.33-32 32v32c0 17.67 14.33 32 32 32h384c17.67 0 32-14.33 32-32v-32c0-17.67-14.33-32-32-32z\"><\/path><\/svg><\/span>\n\t\t\t<span class='e-closed'><svg aria-hidden=\"true\" class=\"e-font-icon-svg e-fas-play-circle\" viewBox=\"0 0 512 512\" xmlns=\"http:\/\/www.w3.org\/2000\/svg\"><path d=\"M256 8C119 8 8 119 8 256s111 248 248 248 248-111 248-248S393 8 256 8zm115.7 272l-176 101c-15.8 8.8-35.7-2.5-35.7-21V152c0-18.4 19.8-29.8 35.7-21l176 107c16.4 9.2 16.4 32.9 0 42z\"><\/path><\/svg><\/span>\n\t\t<\/span>\n\n\t\t\t\t\t\t<\/summary>\n\t\t\t\t<div role=\"region\" aria-labelledby=\"e-n-accordion-item-5391\" class=\"elementor-element elementor-element-d909e30 e-con-full e-flex e-con e-child\" data-id=\"d909e30\" data-element_type=\"container\" data-e-type=\"container\">\n\t\t\t\t<div class=\"elementor-element elementor-element-e522549 elementor-widget elementor-widget-text-editor\" data-id=\"e522549\" data-element_type=\"widget\" data-e-type=\"widget\" data-widget_type=\"text-editor.default\">\n\t\t\t\t\t\t\t\t\t<p class=\"p1\">Tylko w przypadku anulowania w ci\u0105gu 10 minut przed przyjazdem lub gdy technik jest ju\u017c w drodze bez uprzedzenia w odpowiednim czasie<\/p>\t\t\t\t\t\t\t\t<\/div>\n\t\t\t\t<\/div>\n\t\t\t\t\t<\/details>\n\t\t\t\t\t\t<details id=\"e-n-accordion-item-5392\" class=\"e-n-accordion-item\" >\n\t\t\t\t<summary class=\"e-n-accordion-item-title\" data-accordion-index=\"3\" tabindex=\"-1\" aria-expanded=\"false\" aria-controls=\"e-n-accordion-item-5392\" >\n\t\t\t\t\t<span class='e-n-accordion-item-title-header'><div class=\"e-n-accordion-item-title-text\"> Dlaczego obowi\u0105zuje dop\u0142ata w trybie pilnym? <\/div><\/span>\n\t\t\t\t\t\t\t<span class='e-n-accordion-item-title-icon'>\n\t\t\t<span class='e-opened' ><svg aria-hidden=\"true\" class=\"e-font-icon-svg e-fas-minus\" viewBox=\"0 0 448 512\" xmlns=\"http:\/\/www.w3.org\/2000\/svg\"><path d=\"M416 208H32c-17.67 0-32 14.33-32 32v32c0 17.67 14.33 32 32 32h384c17.67 0 32-14.33 32-32v-32c0-17.67-14.33-32-32-32z\"><\/path><\/svg><\/span>\n\t\t\t<span class='e-closed'><svg aria-hidden=\"true\" class=\"e-font-icon-svg e-fas-play-circle\" viewBox=\"0 0 512 512\" xmlns=\"http:\/\/www.w3.org\/2000\/svg\"><path d=\"M256 8C119 8 8 119 8 256s111 248 248 248 248-111 248-248S393 8 256 8zm115.7 272l-176 101c-15.8 8.8-35.7-2.5-35.7-21V152c0-18.4 19.8-29.8 35.7-21l176 107c16.4 9.2 16.4 32.9 0 42z\"><\/path><\/svg><\/span>\n\t\t<\/span>\n\n\t\t\t\t\t\t<\/summary>\n\t\t\t\t<div role=\"region\" aria-labelledby=\"e-n-accordion-item-5392\" class=\"elementor-element elementor-element-460dd90 e-con-full e-flex e-con e-child\" data-id=\"460dd90\" data-element_type=\"container\" data-e-type=\"container\">\n\t\t\t\t<div class=\"elementor-element elementor-element-fb06c10 elementor-widget elementor-widget-text-editor\" data-id=\"fb06c10\" data-element_type=\"widget\" data-e-type=\"widget\" data-widget_type=\"text-editor.default\">\n\t\t\t\t\t\t\t\t\t<p class=\"p1\">W przypadku pilnych zlece\u0144 musimy natychmiast dostosowa\u0107 nasz harmonogram i oddelegowa\u0107 dodatkowy personel. Ta dop\u0142ata gwarantuje, \u017ce pozostajemy dost\u0119pni 24 godziny na dob\u0119, 7 dni w tygodniu. <\/p>\t\t\t\t\t\t\t\t<\/div>\n\t\t\t\t<\/div>\n\t\t\t\t\t<\/details>\n\t\t\t\t\t<\/div>\n\t\t\t\t\t\t<\/div>\n\t\t\t\t\t<\/div>\n\t\t\t\t<\/div>\n\t\t\t\t<\/div>\n\t\t","protected":false},"excerpt":{"rendered":"<p>STAWKI W Pogotowiu \u015alusarskim z g\u00f3ry wiesz, na czym stoisz. Czy jeste\u015b zablokowany, czy chcesz wymieni\u0107 zamki, czy chcesz, aby Tw\u00f3j dom by\u0142 bardziej bezpieczny? W Pogotowiu \u015alusarskim zawsze pobieramy uczciwe i przejrzyste stawki. W ten spos\u00f3b nigdy nie spotkaj\u0105 Ci\u0119 niemi\u0142e niespodzianki. Wszystkie nasze ceny zawieraj\u0105 jasne wyja\u015bnienia i profesjonalny monta\u017c przez autoryzowanych \u015blusarzy. [&hellip;]<\/p>\n","protected":false},"author":1,"featured_media":0,"parent":0,"menu_order":0,"comment_status":"closed","ping_status":"closed","template":"elementor_header_footer","meta":{"footnotes":""},"class_list":["post-2993","page","type-page","status-publish","hentry"],"_links":{"self":[{"href":"https:\/\/slotenmakerspoedservice.be\/pl\/wp-json\/wp\/v2\/pages\/2993","targetHints":{"allow":["GET"]}}],"collection":[{"href":"https:\/\/slotenmakerspoedservice.be\/pl\/wp-json\/wp\/v2\/pages"}],"about":[{"href":"https:\/\/slotenmakerspoedservice.be\/pl\/wp-json\/wp\/v2\/types\/page"}],"author":[{"embeddable":true,"href":"https:\/\/slotenmakerspoedservice.be\/pl\/wp-json\/wp\/v2\/users\/1"}],"replies":[{"embeddable":true,"href":"https:\/\/slotenmakerspoedservice.be\/pl\/wp-json\/wp\/v2\/comments?post=2993"}],"version-history":[{"count":3,"href":"https:\/\/slotenmakerspoedservice.be\/pl\/wp-json\/wp\/v2\/pages\/2993\/revisions"}],"predecessor-version":[{"id":3000,"href":"https:\/\/slotenmakerspoedservice.be\/pl\/wp-json\/wp\/v2\/pages\/2993\/revisions\/3000"}],"wp:attachment":[{"href":"https:\/\/slotenmakerspoedservice.be\/pl\/wp-json\/wp\/v2\/media?parent=2993"}],"curies":[{"name":"wp","href":"https:\/\/api.w.org\/{rel}","templated":true}]}}